{"id":3398,"date":"2016-10-21T12:50:03","date_gmt":"2016-10-21T12:50:03","guid":{"rendered":"https:\/\/safsupply.az\/xidmetlerimiz\/"},"modified":"2021-06-25T15:30:51","modified_gmt":"2021-06-25T15:30:51","slug":"xidmetlerimiz","status":"publish","type":"page","link":"https:\/\/safsupply.az\/ru\/xidmetlerimiz\/","title":{"rendered":"\u0423\u0441\u043b\u0443\u0433\u0438"},"content":{"rendered":"<div class=\"bt_bb_wrapper\"><section id=\"bt_section69fb17dd04367\"  class=\"boldSection topSemiSpaced gutter boxed inherit\" ><div class=\"port\"><div class=\"boldCell\"><div class=\"boldCellInner\"><div class=\"boldRow \" ><div class=\"boldRowInner\"><div class=\"rowItem col-md-4 col-ms-12 btTextLeft animate animate-fadein inherit\"  data-width=\"4\"><div class=\"rowItemContent\" ><div class=\"bpgPhoto btDefaultHoverType btHasTitles\" > \r\n\t\t\t\t\t<a href=\"#\" target=\"_self\" title=\"Layih\u0259l\u0259ndirm\u0259 i\u015fl\u0259ri\"><\/a>\r\n\t\t\t\t\t<div class=\"boldPhotoBox\"><div class=\"bpbItem\"><div class = \"btImage\"><img src=\"https:\/\/safsupply.az\/wp-content\/uploads\/2021\/02\/44-1.jpg\" alt=\"\" title=\"Layih\u0259l\u0259ndirm\u0259 i\u015fl\u0259ri\"><\/div><\/div><\/div>\r\n\t\t\t\t\t<div class=\"captionPane btDarkSkin btTextCenter\">\r\n\t\t\t\t\t\t<div class=\"captionTable\">\r\n\t\t\t\t\t\t\t<div class=\"captionCell\">\r\n\t\t\t\t\t\t\t\t<div class=\"captionTxt\"><header class=\"header btClear extrasmall\" ><div class=\"dash\"><h4><span class=\"headline\">Layih\u0259l\u0259ndirm\u0259 i\u015fl\u0259ri<\/span><\/h4><\/div><\/header><\/div>\r\n\t\t\t\t\t\t\t<\/div>\r\n\t\t\t\t\t\t<\/div>\r\n\t\t\t\t\t<\/div>\r\n\t\t\t\t\t\t<div class=\"btShowTitle\">\r\n\t\t\t\t\t\t\t<div class=\"btShowTitleCaptionTxt\"><header class=\"header btClear small\" ><div class=\"dash\"><h4><span class=\"headline\">Layih\u0259l\u0259ndirm\u0259 i\u015fl\u0259ri<\/span><\/h4><\/div><\/header><\/div>\r\n\t\t\t\t\t\t<\/div><\/div><div class=\"btClear btSeparator topSmallSpaced bottomSmallSpaced noBorder\" ><hr><\/div><\/div><\/div><div class=\"rowItem col-md-4 col-ms-12 btTextLeft animate animate-fadein inherit\"  data-width=\"4\"><div class=\"rowItemContent\" ><div class=\"bpgPhoto btDefaultHoverType btHasTitles\" > \r\n\t\t\t\t\t<a href=\"#\" target=\"_self\" title=\"Yollar\u0131n, parklar\u0131n, bina \u00fczl\u00fckl\u0259rinin i\u015f\u0131qland\u0131rma i\u015fl\u0259ri\"><\/a>\r\n\t\t\t\t\t<div class=\"boldPhotoBox\"><div class=\"bpbItem\"><div class = \"btImage\"><img src=\"https:\/\/safsupply.az\/wp-content\/uploads\/2021\/02\/88.jpg\" alt=\"\" title=\"Yollar\u0131n, parklar\u0131n, bina \u00fczl\u00fckl\u0259rinin i\u015f\u0131qland\u0131rma i\u015fl\u0259ri\"><\/div><\/div><\/div>\r\n\t\t\t\t\t<div class=\"captionPane btDarkSkin btTextCenter\">\r\n\t\t\t\t\t\t<div class=\"captionTable\">\r\n\t\t\t\t\t\t\t<div class=\"captionCell\">\r\n\t\t\t\t\t\t\t\t<div class=\"captionTxt\"><header class=\"header btClear extrasmall\" ><div class=\"dash\"><h4><span class=\"headline\">Yollar\u0131n, parklar\u0131n, bina \u00fczl\u00fckl\u0259rinin i\u015f\u0131qland\u0131rma i\u015fl\u0259ri<\/span><\/h4><\/div><\/header><\/div>\r\n\t\t\t\t\t\t\t<\/div>\r\n\t\t\t\t\t\t<\/div>\r\n\t\t\t\t\t<\/div>\r\n\t\t\t\t\t\t<div class=\"btShowTitle\">\r\n\t\t\t\t\t\t\t<div class=\"btShowTitleCaptionTxt\"><header class=\"header btClear small\" ><div class=\"dash\"><h4><span class=\"headline\">Yollar\u0131n, parklar\u0131n, bina \u00fczl\u00fckl\u0259rinin i\u015f\u0131qland\u0131rma i\u015fl\u0259ri<\/span><\/h4><\/div><\/header><\/div>\r\n\t\t\t\t\t\t<\/div><\/div><div class=\"btClear btSeparator topSmallSpaced bottomSmallSpaced noBorder\" ><hr><\/div><\/div><\/div><div class=\"rowItem col-md-4 col-ms-12 btTextLeft animate animate-fadein inherit\"  data-width=\"4\"><div class=\"rowItemContent\" ><div class=\"bpgPhoto btDefaultHoverType btHasTitles\" > \r\n\t\t\t\t\t<a href=\"#\" target=\"_self\" title=\"N\u0259zar\u0259t cihazlar\u0131n\u0131n qura\u015fd\u0131r\u0131lmas\u0131\"><\/a>\r\n\t\t\t\t\t<div class=\"boldPhotoBox\"><div class=\"bpbItem\"><div class = \"btImage\"><img src=\"https:\/\/safsupply.az\/wp-content\/uploads\/2021\/02\/99.jpg\" alt=\"\" title=\"N\u0259zar\u0259t cihazlar\u0131n\u0131n qura\u015fd\u0131r\u0131lmas\u0131\"><\/div><\/div><\/div>\r\n\t\t\t\t\t<div class=\"captionPane btDarkSkin btTextCenter\">\r\n\t\t\t\t\t\t<div class=\"captionTable\">\r\n\t\t\t\t\t\t\t<div class=\"captionCell\">\r\n\t\t\t\t\t\t\t\t<div class=\"captionTxt\"><header class=\"header btClear extrasmall\" ><div class=\"dash\"><h4><span class=\"headline\">N\u0259zar\u0259t cihazlar\u0131n\u0131n qura\u015fd\u0131r\u0131lmas\u0131<\/span><\/h4><\/div><\/header><\/div>\r\n\t\t\t\t\t\t\t<\/div>\r\n\t\t\t\t\t\t<\/div>\r\n\t\t\t\t\t<\/div>\r\n\t\t\t\t\t\t<div class=\"btShowTitle\">\r\n\t\t\t\t\t\t\t<div class=\"btShowTitleCaptionTxt\"><header class=\"header btClear small\" ><div class=\"dash\"><h4><span class=\"headline\">N\u0259zar\u0259t cihazlar\u0131n\u0131n qura\u015fd\u0131r\u0131lmas\u0131<\/span><\/h4><\/div><\/header><\/div>\r\n\t\t\t\t\t\t<\/div><\/div><div class=\"btClear btSeparator topSmallSpaced bottomSmallSpaced noBorder\" ><hr><\/div><\/div><\/div><\/div><\/div><div class=\"boldRow \" ><div class=\"boldRowInner\"><div class=\"rowItem col-md-4 col-ms-12 btTextLeft animate animate-fadein inherit\"  data-width=\"4\"><div class=\"rowItemContent\" ><div class=\"bpgPhoto btDefaultHoverType btHasTitles\" > \r\n\t\t\t\t\t<a href=\"#\" target=\"_self\" title=\"360\u00b0 i\u015f\u0131qland\u0131rma dir\u0259kl\u0259rinin sifari\u015fi v\u0259 qurla\u015fd\u0131r\u0131lmas\u0131\"><\/a>\r\n\t\t\t\t\t<div class=\"boldPhotoBox\"><div class=\"bpbItem\"><div class = \"btImage\"><img src=\"https:\/\/safsupply.az\/wp-content\/uploads\/2021\/02\/77.jpg\" alt=\"\" title=\"360\u00b0 i\u015f\u0131qland\u0131rma dir\u0259kl\u0259rinin sifari\u015fi v\u0259 qurla\u015fd\u0131r\u0131lmas\u0131\"><\/div><\/div><\/div>\r\n\t\t\t\t\t<div class=\"captionPane btDarkSkin btTextCenter\">\r\n\t\t\t\t\t\t<div class=\"captionTable\">\r\n\t\t\t\t\t\t\t<div class=\"captionCell\">\r\n\t\t\t\t\t\t\t\t<div class=\"captionTxt\"><header class=\"header btClear extrasmall\" ><div class=\"dash\"><h4><span class=\"headline\">360\u00b0 i\u015f\u0131qland\u0131rma dir\u0259kl\u0259rinin sifari\u015fi v\u0259 qurla\u015fd\u0131r\u0131lmas\u0131<\/span><\/h4><\/div><\/header><\/div>\r\n\t\t\t\t\t\t\t<\/div>\r\n\t\t\t\t\t\t<\/div>\r\n\t\t\t\t\t<\/div>\r\n\t\t\t\t\t\t<div class=\"btShowTitle\">\r\n\t\t\t\t\t\t\t<div class=\"btShowTitleCaptionTxt\"><header class=\"header btClear small\" ><div class=\"dash\"><h4><span class=\"headline\">360\u00b0 i\u015f\u0131qland\u0131rma dir\u0259kl\u0259rinin sifari\u015fi v\u0259 qurla\u015fd\u0131r\u0131lmas\u0131<\/span><\/h4><\/div><\/header><\/div>\r\n\t\t\t\t\t\t<\/div><\/div><div class=\"btClear btSeparator topSmallSpaced bottomSmallSpaced noBorder\" ><hr><\/div><\/div><\/div><div class=\"rowItem col-md-4 col-ms-12 btTextLeft animate animate-fadein inherit\"  data-width=\"4\"><div class=\"rowItemContent\" ><div class=\"bpgPhoto btDefaultHoverType btHasTitles\" > \r\n\t\t\t\t\t<a href=\"#\" target=\"_self\" title=\"Ya\u015fay\u0131\u015f v\u0259 qeyri-ya\u015fay\u0131\u015f yerl\u0259rd\u0259 daxili v\u0259 xarici elektrik naqill\u0259ri qura\u015fd\u0131rma i\u015fl\u0259ri\"><\/a>\r\n\t\t\t\t\t<div class=\"boldPhotoBox\"><div class=\"bpbItem\"><div class = \"btImage\"><img src=\"https:\/\/safsupply.az\/wp-content\/uploads\/2021\/02\/100.jpg\" alt=\"\" title=\"Ya\u015fay\u0131\u015f v\u0259 qeyri-ya\u015fay\u0131\u015f yerl\u0259rd\u0259 daxili v\u0259 xarici elektrik naqill\u0259ri qura\u015fd\u0131rma i\u015fl\u0259ri\"><\/div><\/div><\/div>\r\n\t\t\t\t\t<div class=\"captionPane btDarkSkin btTextCenter\">\r\n\t\t\t\t\t\t<div class=\"captionTable\">\r\n\t\t\t\t\t\t\t<div class=\"captionCell\">\r\n\t\t\t\t\t\t\t\t<div class=\"captionTxt\"><header class=\"header btClear extrasmall\" ><div class=\"dash\"><h4><span class=\"headline\">Ya\u015fay\u0131\u015f v\u0259 qeyri-ya\u015fay\u0131\u015f yerl\u0259rd\u0259 daxili v\u0259 xarici elektrik naqill\u0259ri qura\u015fd\u0131rma i\u015fl\u0259ri<\/span><\/h4><\/div><\/header><\/div>\r\n\t\t\t\t\t\t\t<\/div>\r\n\t\t\t\t\t\t<\/div>\r\n\t\t\t\t\t<\/div>\r\n\t\t\t\t\t\t<div class=\"btShowTitle\">\r\n\t\t\t\t\t\t\t<div class=\"btShowTitleCaptionTxt\"><header class=\"header btClear small\" ><div class=\"dash\"><h4><span class=\"headline\">Ya\u015fay\u0131\u015f v\u0259 qeyri-ya\u015fay\u0131\u015f yerl\u0259rd\u0259 daxili v\u0259 xarici elektrik naqill\u0259ri qura\u015fd\u0131rma i\u015fl\u0259ri<\/span><\/h4><\/div><\/header><\/div>\r\n\t\t\t\t\t\t<\/div><\/div><div class=\"btClear btSeparator topSmallSpaced bottomSmallSpaced noBorder\" ><hr><\/div><\/div><\/div><div class=\"rowItem col-md-4 col-ms-12 btTextLeft animate animate-fadein inherit\"  data-width=\"4\"><div class=\"rowItemContent\" ><div class=\"bpgPhoto btDefaultHoverType btHasTitles\" > \r\n\t\t\t\t\t<a href=\"#\" target=\"_self\" title=\"Elektrik avadanl\u0131qlar\u0131n\u0131n qura\u015fd\u0131rma i\u015fl\u0259ri\"><\/a>\r\n\t\t\t\t\t<div class=\"boldPhotoBox\"><div class=\"bpbItem\"><div class = \"btImage\"><img src=\"https:\/\/safsupply.az\/wp-content\/uploads\/2021\/02\/66.jpg\" alt=\"\" title=\"Elektrik avadanl\u0131qlar\u0131n\u0131n qura\u015fd\u0131rma i\u015fl\u0259ri\"><\/div><\/div><\/div>\r\n\t\t\t\t\t<div class=\"captionPane btDarkSkin btTextCenter\">\r\n\t\t\t\t\t\t<div class=\"captionTable\">\r\n\t\t\t\t\t\t\t<div class=\"captionCell\">\r\n\t\t\t\t\t\t\t\t<div class=\"captionTxt\"><header class=\"header btClear extrasmall\" ><div class=\"dash\"><h4><span class=\"headline\">Elektrik avadanl\u0131qlar\u0131n\u0131n qura\u015fd\u0131rma i\u015fl\u0259ri<\/span><\/h4><\/div><\/header><\/div>\r\n\t\t\t\t\t\t\t<\/div>\r\n\t\t\t\t\t\t<\/div>\r\n\t\t\t\t\t<\/div>\r\n\t\t\t\t\t\t<div class=\"btShowTitle\">\r\n\t\t\t\t\t\t\t<div class=\"btShowTitleCaptionTxt\"><header class=\"header btClear small\" ><div class=\"dash\"><h4><span class=\"headline\">Elektrik avadanl\u0131qlar\u0131n\u0131n qura\u015fd\u0131rma i\u015fl\u0259ri<\/span><\/h4><\/div><\/header><\/div>\r\n\t\t\t\t\t\t<\/div><\/div><div class=\"btClear btSeparator topSmallSpaced bottomSmallSpaced noBorder\" ><hr><\/div><\/div><\/div><\/div><\/div><\/div><\/div><\/div><\/section><\/div>","protected":false},"excerpt":{"rendered":"<p>\t\t\t\tCapitalise on low hanging fruit to identify a ballpark value added activity to beta test. Override the digital divide with additional clickthroughs.\t\t<\/p>\n","protected":false},"author":2,"featured_media":3333,"parent":0,"menu_order":0,"comment_status":"closed","ping_status":"closed","template":"","meta":[],"_links":{"self":[{"href":"https:\/\/safsupply.az\/ru\/wp-json\/wp\/v2\/pages\/3398"}],"collection":[{"href":"https:\/\/safsupply.az\/ru\/wp-json\/wp\/v2\/pages"}],"about":[{"href":"https:\/\/safsupply.az\/ru\/wp-json\/wp\/v2\/types\/page"}],"author":[{"embeddable":true,"href":"https:\/\/safsupply.az\/ru\/wp-json\/wp\/v2\/users\/2"}],"replies":[{"embeddable":true,"href":"https:\/\/safsupply.az\/ru\/wp-json\/wp\/v2\/comments?post=3398"}],"version-history":[{"count":1,"href":"https:\/\/safsupply.az\/ru\/wp-json\/wp\/v2\/pages\/3398\/revisions"}],"predecessor-version":[{"id":3405,"href":"https:\/\/safsupply.az\/ru\/wp-json\/wp\/v2\/pages\/3398\/revisions\/3405"}],"wp:featuredmedia":[{"embeddable":true,"href":"https:\/\/safsupply.az\/ru\/wp-json\/wp\/v2\/media\/3333"}],"wp:attachment":[{"href":"https:\/\/safsupply.az\/ru\/wp-json\/wp\/v2\/media?parent=3398"}],"curies":[{"name":"wp","href":"https:\/\/api.w.org\/{rel}","templated":true}]}}