{"id":3389,"date":"2016-07-12T10:12:08","date_gmt":"2016-07-12T10:12:08","guid":{"rendered":"https:\/\/safsupply.az\/haqqimizda\/"},"modified":"2021-06-25T15:28:59","modified_gmt":"2021-06-25T15:28:59","slug":"haqqimizda","status":"publish","type":"page","link":"https:\/\/safsupply.az\/ru\/haqqimizda\/","title":{"rendered":"\u041e \u043d\u0430\u0441"},"content":{"rendered":"<div class=\"bt_bb_wrapper\"><section id=\"bt_section69fb15f9095c8\"  class=\"boldSection topSemiSpaced gutter boxed inherit\" ><div class=\"port\"><div class=\"boldCell\"><div class=\"boldCellInner\"><div class=\"boldRow \" ><div class=\"boldRowInner\"><div class=\"rowItem col-md-6 col-sm-12 btTextLeft animate animate-fadein inherit\"  data-width=\"6\"><div class=\"rowItemContent\" ><div class=\"btText\" ><h2>Haqq\u0131m\u0131zda<\/h2>\n<\/div><div class=\"btText\" ><p>&#8220;SafSupply MMC&#8221; \u015firk\u0259ti 2013-c\u00fc ild\u0259n indiy\u0259 q\u0259d\u0259r elektrik dizayn s\u0259nay\u0259sin\u0259 yeni m\u0259crada pe\u015f\u0259karl\u0131q v\u0259 innovativlik g\u0259tirm\u0259kl\u0259 m\u0259\u015f\u011ful olmu\u015fdur. \u015eirk\u0259timiz \u00f6lk\u0259d\u0259 enerji infrastrukturunun m\u00fcasir t\u0259l\u0259bl\u0259r\u0259 uy\u011funla\u015fd\u0131r\u0131lmas\u0131 istiqam\u0259tind\u0259 innovativ add\u0131m v\u0259 metodologiyadan istifad\u0259 etm\u0259kl\u0259 iri v\u0259 orta miqyasl\u0131 layih\u0259l\u0259rd\u0259 \u0259m\u0259liyyat xidm\u0259tl\u0259ri g\u00f6st\u0259rmi\u015fdir. \u201cSafSupply&#8221; MMC olaraq t\u0259r\u0259fimizd\u0259n h\u0259yata ke\u00e7iril\u0259n layih\u0259l\u0259r\u0259, tikinti-qura\u015fd\u0131rma v\u0259 infrastuktur i\u015fl\u0259rin\u0259 verdiyimiz z\u0259man\u0259t d\u0259 bizi m\u00f6vcud bazarda r\u0259qibl\u0259rimizd\u0259n f\u0259rql\u0259ndir\u0259n \u0259sas \u00f6z\u0259llikl\u0259rd\u0259n biridir.<\/p>\n<\/div><div class=\"btClear btSeparator topSmallSpaced noBorder\" ><hr><\/div><a href=\"http:\/\/safsupply.az\/portfolio-grid-three-columns\/portfolio-tiles-four-columns\/\" class=\"btBtn btBtn btnFilledStyle btnAccentColor btnSmall btnNormalWidth btnInlinePosition btnIco\" ><span class=\"btnInnerText\">LAY\u0130H\u018fL\u018fR\u0130M\u0130Z<\/span><span class=\"btIco \"><span  data-ico-fa=\"&#xf061;\" class=\"btIcoHolder\"><\/span><\/span><\/a><div class=\"btClear btSeparator topSmallSpaced bottomSmallSpaced noBorder\" ><hr><\/div><div class=\"btClear btSeparator topSmallSpaced bottomSmallSpaced noBorder\" ><hr><\/div><\/div><\/div><div class=\"rowItem col-md-6 col-sm-12 btTextLeft animate animate-fadein inherit\"  data-width=\"6\"><div class=\"rowItemContent\" ><div class=\"bpgPhoto btDefaultHoverType\" ><div class = \"btImage\"><img src=\"https:\/\/safsupply.az\/wp-content\/uploads\/2021\/02\/1002.jpg\" alt=\"\" title=\"\"><\/div><\/div><div class=\"btClear btSeparator bottomSmallSpaced noBorder\" ><hr><\/div><\/div><\/div><\/div><\/div><div class=\"boldRow \" ><div class=\"boldRowInner\"><div class=\"rowItem col-md-4 col-ms-12 btTextLeft animate animate-fadein inherit\"  data-width=\"4\"><div class=\"rowItemContent\" ><div class=\"servicesItem  btIcoAccentColorIcon btIcoBigSizeIcon \"><div class=\"sIcon\"><span class=\"btIco btIcoBigSize btIcoDefaultType btIcoAccentColor btIconCircleShape\"><span  data-ico-dv=\"&#xf145;\" class=\"btIcoHolder\"><\/span><\/span><\/div><div class=\"sTxt\"><header class=\"header btClear small\" ><div class=\"dash\"><h4><span class=\"headline\">Avtomatla\u015fd\u0131r\u0131lm\u0131\u015f sisteml\u0259r<\/span><\/h4><\/div><\/header><\/div><\/div><div class=\"btClear btSeparator bottomSemiSpaced noBorder\" ><hr><\/div><\/div><\/div><div class=\"rowItem col-md-4 col-ms-12 btTextLeft animate animate-fadein inherit\"  data-width=\"4\"><div class=\"rowItemContent\" ><div class=\"servicesItem  btIcoAccentColorIcon btIcoBigSizeIcon \"><div class=\"sIcon\"><span class=\"btIco btIcoBigSize btIcoDefaultType btIcoAccentColor btIconCircleShape\"><span  data-ico-pr=\"&#xf12a;\" class=\"btIcoHolder\"><\/span><\/span><\/div><div class=\"sTxt\"><header class=\"header btClear small\" ><div class=\"dash\"><h4><span class=\"headline\">G\u00fccl\u00fc infrastruktur<\/span><\/h4><\/div><\/header><\/div><\/div><div class=\"btClear btSeparator bottomSemiSpaced noBorder\" ><hr><\/div><\/div><\/div><div class=\"rowItem col-md-4 col-ms-12 btTextLeft animate animate-fadein inherit\"  data-width=\"4\"><div class=\"rowItemContent\" ><div class=\"servicesItem  btIcoAccentColorIcon btIcoMediumSizeIcon \"><div class=\"sIcon\"><span class=\"btIco btIcoMediumSize btIcoDefaultType btIcoAccentColor btIconCircleShape\"><span  data-ico-pr=\"&#xf132;\" class=\"btIcoHolder\"><\/span><\/span><\/div><div class=\"sTxt\"><header class=\"header btClear small\" ><div class=\"dash\"><h4><span class=\"headline\">G\u00fccl\u00fc servis<\/span><\/h4><\/div><\/header><\/div><\/div><div class=\"btClear btSeparator bottomSemiSpaced noBorder\" ><hr><\/div><\/div><\/div><\/div><\/div><\/div><\/div><\/div><\/section><section id=\"bt_section69fb15f909ff3\"  class=\"boldSection topSmallSpaced bottomSmallSpaced inherit\" style=\"background-color:#f2f1ed  !important;\"><div class=\"port\"><div class=\"boldCell\"><div class=\"boldCellInner\"><div class=\"boldRow \" ><div class=\"boldRowInner\"><div class=\"rowItem col-md-12 col-ms-12  btTextLeft animate animate-fadein inherit\"  data-width=\"12\"><div class=\"rowItemContent\" ><div class=\" btCarouselSmallNav boldClientList\"><div class=\"bclPort\" data-slides=\"6\" data-autoplay=\"0\" data-infinite=\"\" data-slick='{\"pauseOnHover\":true, \"pauseOnDotsHover\":true,\"slidesToShow\": 6, \"slidesToScroll\": 1 }, \"responsive\": [{ \"breakpoint\": 480, \"settings\": { \"slidesToShow\": 1, \"slidesToScroll\": 1 } },{ \"breakpoint\": 768, \"settings\": { \"slidesToShow\": 2, \"slidesToScroll\": 2 } },{ \"breakpoint\": 920, \"settings\": { \"slidesToShow\": 3, \"slidesToScroll\": 3 } },{ \"breakpoint\": 1024, \"settings\": { \"slidesToShow\": 3, \"slidesToScroll\": 3 } }]}'><div class=\"bclItem \"><div class=\"bclItemChild\"><div class=\"bclItemChildContent\"><div class=\"bpgPhoto btZoomInHoverType\" ><div class = \"btImage\"><img src=\"https:\/\/safsupply.az\/wp-content\/uploads\/2021\/02\/image10_az_20170420104407-1.png\" alt=\"\" title=\"\"><\/div><\/div><\/div><\/div><\/div><div class=\"bclItem \"><div class=\"bclItemChild\"><div class=\"bclItemChildContent\"><div class=\"bpgPhoto btZoomInHoverType\" > \r\n\t\t\t\t\t<a href=\"#\" target=\"_self\" title=\"\"><\/a>\r\n\t\t\t\t\t<div class=\"boldPhotoBox\"><div class=\"bpbItem\"><div class = \"btImage\"><img src=\"https:\/\/safsupply.az\/wp-content\/uploads\/2021\/02\/image10_az_20170420104418-1.png\" alt=\"\" title=\"\"><\/div><\/div><\/div>\r\n\t\t\t\t\t<div class=\"captionPane btDarkSkin btTextCenter\">\r\n\t\t\t\t\t\t<div class=\"captionTable\">\r\n\t\t\t\t\t\t\t<div class=\"captionCell\">\r\n\t\t\t\t\t\t\t\t<div class=\"captionTxt\"><\/div>\r\n\t\t\t\t\t\t\t<\/div>\r\n\t\t\t\t\t\t<\/div>\r\n\t\t\t\t\t<\/div><\/div><\/div><\/div><\/div><div class=\"bclItem \"><div class=\"bclItemChild\"><div class=\"bclItemChildContent\"><div class=\"bpgPhoto btZoomInHoverType\" > \r\n\t\t\t\t\t<a href=\"#\" target=\"_self\" title=\"\"><\/a>\r\n\t\t\t\t\t<div class=\"boldPhotoBox\"><div class=\"bpbItem\"><div class = \"btImage\"><img src=\"https:\/\/safsupply.az\/wp-content\/uploads\/2021\/02\/image10_az_20170420104356-1-3.png\" alt=\"\" title=\"\"><\/div><\/div><\/div>\r\n\t\t\t\t\t<div class=\"captionPane btDarkSkin btTextCenter\">\r\n\t\t\t\t\t\t<div class=\"captionTable\">\r\n\t\t\t\t\t\t\t<div class=\"captionCell\">\r\n\t\t\t\t\t\t\t\t<div class=\"captionTxt\"><\/div>\r\n\t\t\t\t\t\t\t<\/div>\r\n\t\t\t\t\t\t<\/div>\r\n\t\t\t\t\t<\/div><\/div><\/div><\/div><\/div><div class=\"bclItem \"><div class=\"bclItemChild\"><div class=\"bclItemChildContent\"><div class=\"bpgPhoto btZoomInHoverType\" > \r\n\t\t\t\t\t<a href=\"#\" target=\"_self\" title=\"\"><\/a>\r\n\t\t\t\t\t<div class=\"boldPhotoBox\"><div class=\"bpbItem\"><div class = \"btImage\"><img src=\"https:\/\/safsupply.az\/wp-content\/uploads\/2021\/02\/9-1.png\" alt=\"\" title=\"\"><\/div><\/div><\/div>\r\n\t\t\t\t\t<div class=\"captionPane btDarkSkin btTextCenter\">\r\n\t\t\t\t\t\t<div class=\"captionTable\">\r\n\t\t\t\t\t\t\t<div class=\"captionCell\">\r\n\t\t\t\t\t\t\t\t<div class=\"captionTxt\"><\/div>\r\n\t\t\t\t\t\t\t<\/div>\r\n\t\t\t\t\t\t<\/div>\r\n\t\t\t\t\t<\/div><\/div><\/div><\/div><\/div><div class=\"bclItem \"><div class=\"bclItemChild\"><div class=\"bclItemChildContent\"><div class=\"bpgPhoto btZoomInHoverType\" > \r\n\t\t\t\t\t<a href=\"#\" target=\"_self\" title=\"\"><\/a>\r\n\t\t\t\t\t<div class=\"boldPhotoBox\"><div class=\"bpbItem\"><div class = \"btImage\"><img src=\"https:\/\/safsupply.az\/wp-content\/uploads\/2021\/02\/5-1.png\" alt=\"\" title=\"\"><\/div><\/div><\/div>\r\n\t\t\t\t\t<div class=\"captionPane btDarkSkin btTextCenter\">\r\n\t\t\t\t\t\t<div class=\"captionTable\">\r\n\t\t\t\t\t\t\t<div class=\"captionCell\">\r\n\t\t\t\t\t\t\t\t<div class=\"captionTxt\"><\/div>\r\n\t\t\t\t\t\t\t<\/div>\r\n\t\t\t\t\t\t<\/div>\r\n\t\t\t\t\t<\/div><\/div><\/div><\/div><\/div><div class=\"bclItem \"><div class=\"bclItemChild\"><div class=\"bclItemChildContent\"><div class=\"bpgPhoto btZoomInHoverType\" > \r\n\t\t\t\t\t<a href=\"#\" target=\"_self\" title=\"\"><\/a>\r\n\t\t\t\t\t<div class=\"boldPhotoBox\"><div class=\"bpbItem\"><div class = \"btImage\"><img src=\"https:\/\/safsupply.az\/wp-content\/uploads\/2021\/02\/1.png\" alt=\"\" title=\"\"><\/div><\/div><\/div>\r\n\t\t\t\t\t<div class=\"captionPane btDarkSkin btTextCenter\">\r\n\t\t\t\t\t\t<div class=\"captionTable\">\r\n\t\t\t\t\t\t\t<div class=\"captionCell\">\r\n\t\t\t\t\t\t\t\t<div class=\"captionTxt\"><\/div>\r\n\t\t\t\t\t\t\t<\/div>\r\n\t\t\t\t\t\t<\/div>\r\n\t\t\t\t\t<\/div><\/div><\/div><\/div><\/div><div class=\"bclItem \"><div class=\"bclItemChild\"><div class=\"bclItemChildContent\"><div class=\"bpgPhoto btZoomInHoverType\" > \r\n\t\t\t\t\t<a href=\"#\" target=\"_self\" title=\"\"><\/a>\r\n\t\t\t\t\t<div class=\"boldPhotoBox\"><div class=\"bpbItem\"><div class = \"btImage\"><img src=\"https:\/\/safsupply.az\/wp-content\/uploads\/2021\/02\/image10_az_20170420104412-1.png\" alt=\"\" title=\"\"><\/div><\/div><\/div>\r\n\t\t\t\t\t<div class=\"captionPane btDarkSkin btTextCenter\">\r\n\t\t\t\t\t\t<div class=\"captionTable\">\r\n\t\t\t\t\t\t\t<div class=\"captionCell\">\r\n\t\t\t\t\t\t\t\t<div class=\"captionTxt\"><\/div>\r\n\t\t\t\t\t\t\t<\/div>\r\n\t\t\t\t\t\t<\/div>\r\n\t\t\t\t\t<\/div><\/div><\/div><\/div><\/div><div class=\"bclItem \"><div class=\"bclItemChild\"><div class=\"bclItemChildContent\"><div class=\"bpgPhoto btZoomInHoverType\" > \r\n\t\t\t\t\t<a href=\"#\" target=\"_self\" title=\"\"><\/a>\r\n\t\t\t\t\t<div class=\"boldPhotoBox\"><div class=\"bpbItem\"><div class = \"btImage\"><img src=\"https:\/\/safsupply.az\/wp-content\/uploads\/2021\/02\/image10_az_20170420104402-1.png\" alt=\"\" title=\"\"><\/div><\/div><\/div>\r\n\t\t\t\t\t<div class=\"captionPane btDarkSkin btTextCenter\">\r\n\t\t\t\t\t\t<div class=\"captionTable\">\r\n\t\t\t\t\t\t\t<div class=\"captionCell\">\r\n\t\t\t\t\t\t\t\t<div class=\"captionTxt\"><\/div>\r\n\t\t\t\t\t\t\t<\/div>\r\n\t\t\t\t\t\t<\/div>\r\n\t\t\t\t\t<\/div><\/div><\/div><\/div><\/div><\/div><\/div><\/div><\/div><\/div><\/div><\/div><\/div><\/div><\/section><section id=\"bt_section69fb15f90b66b\"  class=\"boldSection topSmallSpaced btDarkSkin gutter boxed inherit\" ><div class=\"port\"><div class=\"boldCell\"><div class=\"boldCellInner\"><div class=\"boldRow \" ><div class=\"boldRowInner\"><div class=\"rowItem col-md-9 col-ms-12  btTextLeft animate animate-fadein inherit\"  data-width=\"9\"><div class=\"rowItemContent\" ><header class=\"header btClear small  regular\" ><div class=\"dash\"><h4><span class=\"headline\">Biziml\u0259 \u0259laq\u0259 saxlaya bil\u0259rsiniz<\/span><\/h4><\/div><\/header><div class=\"btClear btSeparator bottomSmallSpaced noBorder\" ><hr><\/div><\/div><\/div><div class=\"rowItem col-md-3 col-sm-6 col-ms-12 btTextRight animate animate-fadein btBottomVertical\"  data-width=\"3\"><div class=\"rowItemContent\" ><a href=\"#\" class=\"btBtn btBtn btnFilledStyle btnAccentColor btnMedium btnNormalWidth btnRightPosition btnNoIcon\" ><span class=\"btnInnerText\">B\u0130Z\u0130ML\u018f \u018fLAQ\u018f SAXLAYIN<\/span><\/a><div class=\"btClear btSeparator bottomSmallSpaced noBorder\" ><hr><\/div><\/div><\/div><\/div><\/div><\/div><\/div><\/div><\/section><\/div>","protected":false},"excerpt":{"rendered":"<p>\t\t\t\tCapitalise on low hanging fruit to identify a ballpark value added activity to beta test. Override the digital divide with additional clickthroughs.\t\t<\/p>\n","protected":false},"author":2,"featured_media":3333,"parent":0,"menu_order":0,"comment_status":"closed","ping_status":"closed","template":"","meta":[],"_links":{"self":[{"href":"https:\/\/safsupply.az\/ru\/wp-json\/wp\/v2\/pages\/3389"}],"collection":[{"href":"https:\/\/safsupply.az\/ru\/wp-json\/wp\/v2\/pages"}],"about":[{"href":"https:\/\/safsupply.az\/ru\/wp-json\/wp\/v2\/types\/page"}],"author":[{"embeddable":true,"href":"https:\/\/safsupply.az\/ru\/wp-json\/wp\/v2\/users\/2"}],"replies":[{"embeddable":true,"href":"https:\/\/safsupply.az\/ru\/wp-json\/wp\/v2\/comments?post=3389"}],"version-history":[{"count":1,"href":"https:\/\/safsupply.az\/ru\/wp-json\/wp\/v2\/pages\/3389\/revisions"}],"predecessor-version":[{"id":3403,"href":"https:\/\/safsupply.az\/ru\/wp-json\/wp\/v2\/pages\/3389\/revisions\/3403"}],"wp:featuredmedia":[{"embeddable":true,"href":"https:\/\/safsupply.az\/ru\/wp-json\/wp\/v2\/media\/3333"}],"wp:attachment":[{"href":"https:\/\/safsupply.az\/ru\/wp-json\/wp\/v2\/media?parent=3389"}],"curies":[{"name":"wp","href":"https:\/\/api.w.org\/{rel}","templated":true}]}}