{"id":3345,"date":"2016-10-19T11:23:45","date_gmt":"2016-10-19T11:23:45","guid":{"rendered":"https:\/\/safsupply.az\/home-yellow-factory\/"},"modified":"2021-06-25T09:28:56","modified_gmt":"2021-06-25T09:28:56","slug":"home-yellow-factory","status":"publish","type":"page","link":"https:\/\/safsupply.az\/ru\/","title":{"rendered":"\u0413\u043b\u0430\u0432\u043d\u0430\u044f \u0441\u0442\u0440\u0430\u043d\u0438\u0446\u0430"},"content":{"rendered":"<div class=\"bt_bb_wrapper\"><section id=\"bt_section69fb0b067d86e\"  class=\"boldSection topSpaced btDarkSkin gutter boxed inherit wBackground cover wBackground cover\" style=\"background-color:#f4f4f4  !important;background-image:url('https:\/\/safsupply.az\/wp-content\/uploads\/2021\/02\/background_2-3-1.jpg');\"><div class=\"port\"><div class=\"boldCell\"><div class=\"boldCellInner\"><div class=\"boldRow \" ><div class=\"boldRowInner\"><div class=\"rowItem col-md-8 col-ms-12 btTextLeft animate animate-fadein btBottomVertical\"  data-width=\"8\"><div class=\"rowItemContent\" ><div class=\"btClear btSeparator bottomSmallSpaced noBorder\" ><hr><\/div><header class=\"header btClear extralarge btDash bottomDash  bold\" ><div class=\"btSuperTitle\"><span>SAF SUPPLY<\/span><\/div><div class=\"dash\"><h1><span class=\"headline\">Sizin<b class=\"animate\"> Etibarl\u0131<\/b>\r<br>enerji \u015firk\u0259tiniz<\/span><\/h1><\/div><div class=\"btSubTitle\">XXI \u0259srin n\u00f6vb\u0259ti ill\u0259rin\u0259 q\u0259d\u0259m qoydu\u011fumuz \u0259r\u0259f\u0259d\u0259 \u201cSAF Supply\u201d MMC komandas\u0131 olaraq, iri h\u0259cmli layih\u0259l\u0259rin \u0259rs\u0259y\u0259 g\u0259tirilm\u0259sini, h\u0259m\u00e7inin lahiy\u0259l\u0259rimizl\u0259 \u00f6lk\u0259mizd\u0259 \u0259n qabaqc\u0131l Az\u0259rbaycan \u015firk\u0259ti olma\u011f\u0131 h\u0259d\u0259fl\u0259yirik.\r<br>\r<br><\/div><\/header><div class=\"btClear btSeparator topSmallSpaced noBorder\" ><hr><\/div><\/div><\/div><div class=\"rowItem col-md-4 col-ms-12 btTextLeft animate animate-fadein btBottomVertical\"  data-width=\"4\"><div class=\"rowItemContent\" ><\/div><\/div><\/div><\/div><div class=\"boldRow \" ><div class=\"boldRowInner\"><div class=\"rowItem col-md-8 col-ms-12 btTextLeft animate animate-fadein btBottomVertical\" style=\"transition-delay: 600ms;\" data-width=\"8\"><div class=\"rowItemContent\" ><a href=\"https:\/\/safsupply.az\/portfolio-tiles-four-columns\/\" class=\"btBtn btBtn btnFilledStyle btnAccentColor btnMedium btnNormalWidth btnRightPosition btnIco\" ><span class=\"btnInnerText\">LAH\u0130Y\u018fL\u018fR<\/span><span class=\"btIco \"><span  data-ico-fa=\"&#xf061;\" class=\"btIcoHolder\"><\/span><\/span><\/a><div class=\"btClear btSeparator topSpaced noBorder\" ><hr><\/div><\/div><\/div><div class=\"rowItem col-md-4 col-ms-12 btTextLeft animate animate-fadein btBottomVertical\"  data-width=\"4\"><div class=\"rowItemContent\" ><\/div><\/div><\/div><\/div><div class=\"boldRow \" ><div class=\"boldRowInner\"><\/div><\/div><\/div><\/div><\/div><\/section><section id=\"bt_section69fb0b067dcde\"  class=\"boldSection topSpaced gutter boxed inherit\" ><div class=\"port\"><div class=\"boldCell\"><div class=\"boldCellInner\"><div class=\"boldRow \" ><div class=\"boldRowInner\"><div class=\"rowItem col-md-3 col-sm-6 col-ms-12 btTextLeft animate animate-fadein inherit\"  data-width=\"3\"><div class=\"rowItemContent\" ><\/div><\/div><div class=\"rowItem col-md-6 col-sm-12 btTextCenter animate animate-fadein inherit\"  data-width=\"6\"><div class=\"rowItemContent\" ><header class=\"header btClear large btDash bottomDash  regular\" ><div class=\"btSuperTitle\"><span>SafSupply<\/span><\/div><div class=\"dash\"><h2><span class=\"headline\">Xidm\u0259tl\u0259rimiz<\/span><\/h2><\/div><\/header><div class=\"btClear btSeparator topSemiSpaced noBorder\" ><hr><\/div><\/div><\/div><div class=\"rowItem col-md-3 col-sm-6 col-ms-12 btTextLeft\"  data-width=\"3\"><div class=\"rowItemContent\" ><\/div><\/div><\/div><\/div><div class=\"boldRow \" ><div class=\"boldRowInner\"><div class=\"rowItem col-md-4 col-ms-12 btTextLeft animate animate-fadein inherit\"  data-width=\"4\"><div class=\"rowItemContent\" ><div class=\"bpgPhoto btDefaultHoverType btHasTitles\" > \r\n\t\t\t\t\t<a href=\"#\" target=\"_self\" title=\"Layih\u0259l\u0259ndirm\u0259 i\u015fl\u0259ri\"><\/a>\r\n\t\t\t\t\t<div class=\"boldPhotoBox\"><div class=\"bpbItem\"><div class = \"btImage\"><img src=\"https:\/\/safsupply.az\/wp-content\/uploads\/2021\/02\/44-1.jpg\" alt=\"\" title=\"Layih\u0259l\u0259ndirm\u0259 i\u015fl\u0259ri\"><\/div><\/div><\/div>\r\n\t\t\t\t\t<div class=\"captionPane btDarkSkin btTextCenter\">\r\n\t\t\t\t\t\t<div class=\"captionTable\">\r\n\t\t\t\t\t\t\t<div class=\"captionCell\">\r\n\t\t\t\t\t\t\t\t<div class=\"captionTxt\"><header class=\"header btClear extrasmall\" ><div class=\"dash\"><h4><span class=\"headline\">Layih\u0259l\u0259ndirm\u0259 i\u015fl\u0259ri<\/span><\/h4><\/div><\/header><\/div>\r\n\t\t\t\t\t\t\t<\/div>\r\n\t\t\t\t\t\t<\/div>\r\n\t\t\t\t\t<\/div>\r\n\t\t\t\t\t\t<div class=\"btShowTitle\">\r\n\t\t\t\t\t\t\t<div class=\"btShowTitleCaptionTxt\"><header class=\"header btClear small\" ><div class=\"dash\"><h4><span class=\"headline\">Layih\u0259l\u0259ndirm\u0259 i\u015fl\u0259ri<\/span><\/h4><\/div><\/header><\/div>\r\n\t\t\t\t\t\t<\/div><\/div><div class=\"btClear btSeparator topSmallSpaced bottomSmallSpaced noBorder\" ><hr><\/div><\/div><\/div><div class=\"rowItem col-md-4 col-ms-12 btTextLeft animate animate-fadein inherit\"  data-width=\"4\"><div class=\"rowItemContent\" ><div class=\"bpgPhoto btDefaultHoverType btHasTitles\" > \r\n\t\t\t\t\t<a href=\"#\" target=\"_self\" title=\"Yollar\u0131n, parklar\u0131n, bina \u00fczl\u00fckl\u0259rinin i\u015f\u0131qland\u0131rma i\u015fl\u0259ri\"><\/a>\r\n\t\t\t\t\t<div class=\"boldPhotoBox\"><div class=\"bpbItem\"><div class = \"btImage\"><img src=\"https:\/\/safsupply.az\/wp-content\/uploads\/2021\/02\/88.jpg\" alt=\"\" title=\"Yollar\u0131n, parklar\u0131n, bina \u00fczl\u00fckl\u0259rinin i\u015f\u0131qland\u0131rma i\u015fl\u0259ri\"><\/div><\/div><\/div>\r\n\t\t\t\t\t<div class=\"captionPane btDarkSkin btTextCenter\">\r\n\t\t\t\t\t\t<div class=\"captionTable\">\r\n\t\t\t\t\t\t\t<div class=\"captionCell\">\r\n\t\t\t\t\t\t\t\t<div class=\"captionTxt\"><header class=\"header btClear extrasmall\" ><div class=\"dash\"><h4><span class=\"headline\">Yollar\u0131n, parklar\u0131n, bina \u00fczl\u00fckl\u0259rinin i\u015f\u0131qland\u0131rma i\u015fl\u0259ri<\/span><\/h4><\/div><\/header><\/div>\r\n\t\t\t\t\t\t\t<\/div>\r\n\t\t\t\t\t\t<\/div>\r\n\t\t\t\t\t<\/div>\r\n\t\t\t\t\t\t<div class=\"btShowTitle\">\r\n\t\t\t\t\t\t\t<div class=\"btShowTitleCaptionTxt\"><header class=\"header btClear small\" ><div class=\"dash\"><h4><span class=\"headline\">Yollar\u0131n, parklar\u0131n, bina \u00fczl\u00fckl\u0259rinin i\u015f\u0131qland\u0131rma i\u015fl\u0259ri<\/span><\/h4><\/div><\/header><\/div>\r\n\t\t\t\t\t\t<\/div><\/div><div class=\"btClear btSeparator topSmallSpaced bottomSmallSpaced noBorder\" ><hr><\/div><\/div><\/div><div class=\"rowItem col-md-4 col-ms-12 btTextLeft animate animate-fadein inherit\"  data-width=\"4\"><div class=\"rowItemContent\" ><div class=\"bpgPhoto btDefaultHoverType btHasTitles\" > \r\n\t\t\t\t\t<a href=\"#\" target=\"_self\" title=\"N\u0259zar\u0259t cihazlar\u0131n\u0131n qura\u015fd\u0131r\u0131lmas\u0131\"><\/a>\r\n\t\t\t\t\t<div class=\"boldPhotoBox\"><div class=\"bpbItem\"><div class = \"btImage\"><img src=\"https:\/\/safsupply.az\/wp-content\/uploads\/2021\/02\/99.jpg\" alt=\"\" title=\"N\u0259zar\u0259t cihazlar\u0131n\u0131n qura\u015fd\u0131r\u0131lmas\u0131\"><\/div><\/div><\/div>\r\n\t\t\t\t\t<div class=\"captionPane btDarkSkin btTextCenter\">\r\n\t\t\t\t\t\t<div class=\"captionTable\">\r\n\t\t\t\t\t\t\t<div class=\"captionCell\">\r\n\t\t\t\t\t\t\t\t<div class=\"captionTxt\"><header class=\"header btClear extrasmall\" ><div class=\"dash\"><h4><span class=\"headline\">N\u0259zar\u0259t cihazlar\u0131n\u0131n qura\u015fd\u0131r\u0131lmas\u0131<\/span><\/h4><\/div><\/header><\/div>\r\n\t\t\t\t\t\t\t<\/div>\r\n\t\t\t\t\t\t<\/div>\r\n\t\t\t\t\t<\/div>\r\n\t\t\t\t\t\t<div class=\"btShowTitle\">\r\n\t\t\t\t\t\t\t<div class=\"btShowTitleCaptionTxt\"><header class=\"header btClear small\" ><div class=\"dash\"><h4><span class=\"headline\">N\u0259zar\u0259t cihazlar\u0131n\u0131n qura\u015fd\u0131r\u0131lmas\u0131<\/span><\/h4><\/div><\/header><\/div>\r\n\t\t\t\t\t\t<\/div><\/div><div class=\"btClear btSeparator topSmallSpaced bottomSmallSpaced noBorder\" ><hr><\/div><\/div><\/div><\/div><\/div><div class=\"boldRow \" ><div class=\"boldRowInner\"><div class=\"rowItem col-md-4 col-ms-12 btTextLeft animate animate-fadein inherit\"  data-width=\"4\"><div class=\"rowItemContent\" ><div class=\"bpgPhoto btDefaultHoverType btHasTitles\" > \r\n\t\t\t\t\t<a href=\"#\" target=\"_self\" title=\"360\u00b0 i\u015f\u0131qland\u0131rma dir\u0259kl\u0259rinin sifari\u015fi v\u0259 qurla\u015fd\u0131r\u0131lmas\u0131\"><\/a>\r\n\t\t\t\t\t<div class=\"boldPhotoBox\"><div class=\"bpbItem\"><div class = \"btImage\"><img src=\"https:\/\/safsupply.az\/wp-content\/uploads\/2021\/02\/77.jpg\" alt=\"\" title=\"360\u00b0 i\u015f\u0131qland\u0131rma dir\u0259kl\u0259rinin sifari\u015fi v\u0259 qurla\u015fd\u0131r\u0131lmas\u0131\"><\/div><\/div><\/div>\r\n\t\t\t\t\t<div class=\"captionPane btDarkSkin btTextCenter\">\r\n\t\t\t\t\t\t<div class=\"captionTable\">\r\n\t\t\t\t\t\t\t<div class=\"captionCell\">\r\n\t\t\t\t\t\t\t\t<div class=\"captionTxt\"><header class=\"header btClear extrasmall\" ><div class=\"dash\"><h4><span class=\"headline\">360\u00b0 i\u015f\u0131qland\u0131rma dir\u0259kl\u0259rinin sifari\u015fi v\u0259 qurla\u015fd\u0131r\u0131lmas\u0131<\/span><\/h4><\/div><\/header><\/div>\r\n\t\t\t\t\t\t\t<\/div>\r\n\t\t\t\t\t\t<\/div>\r\n\t\t\t\t\t<\/div>\r\n\t\t\t\t\t\t<div class=\"btShowTitle\">\r\n\t\t\t\t\t\t\t<div class=\"btShowTitleCaptionTxt\"><header class=\"header btClear small\" ><div class=\"dash\"><h4><span class=\"headline\">360\u00b0 i\u015f\u0131qland\u0131rma dir\u0259kl\u0259rinin sifari\u015fi v\u0259 qurla\u015fd\u0131r\u0131lmas\u0131<\/span><\/h4><\/div><\/header><\/div>\r\n\t\t\t\t\t\t<\/div><\/div><div class=\"btClear btSeparator topSmallSpaced bottomSmallSpaced noBorder\" ><hr><\/div><\/div><\/div><div class=\"rowItem col-md-4 col-ms-12 btTextLeft animate animate-fadein inherit\"  data-width=\"4\"><div class=\"rowItemContent\" ><div class=\"bpgPhoto btDefaultHoverType btHasTitles\" > \r\n\t\t\t\t\t<a href=\"#\" target=\"_self\" title=\"Ya\u015fay\u0131\u015f v\u0259 qeyri-ya\u015fay\u0131\u015f yerl\u0259rd\u0259 daxili v\u0259 xarici elektrik naqill\u0259ri qura\u015fd\u0131rma i\u015fl\u0259ri\"><\/a>\r\n\t\t\t\t\t<div class=\"boldPhotoBox\"><div class=\"bpbItem\"><div class = \"btImage\"><img src=\"https:\/\/safsupply.az\/wp-content\/uploads\/2021\/02\/100.jpg\" alt=\"\" title=\"Ya\u015fay\u0131\u015f v\u0259 qeyri-ya\u015fay\u0131\u015f yerl\u0259rd\u0259 daxili v\u0259 xarici elektrik naqill\u0259ri qura\u015fd\u0131rma i\u015fl\u0259ri\"><\/div><\/div><\/div>\r\n\t\t\t\t\t<div class=\"captionPane btDarkSkin btTextCenter\">\r\n\t\t\t\t\t\t<div class=\"captionTable\">\r\n\t\t\t\t\t\t\t<div class=\"captionCell\">\r\n\t\t\t\t\t\t\t\t<div class=\"captionTxt\"><header class=\"header btClear extrasmall\" ><div class=\"dash\"><h4><span class=\"headline\">Ya\u015fay\u0131\u015f v\u0259 qeyri-ya\u015fay\u0131\u015f yerl\u0259rd\u0259 daxili v\u0259 xarici elektrik naqill\u0259ri qura\u015fd\u0131rma i\u015fl\u0259ri<\/span><\/h4><\/div><\/header><\/div>\r\n\t\t\t\t\t\t\t<\/div>\r\n\t\t\t\t\t\t<\/div>\r\n\t\t\t\t\t<\/div>\r\n\t\t\t\t\t\t<div class=\"btShowTitle\">\r\n\t\t\t\t\t\t\t<div class=\"btShowTitleCaptionTxt\"><header class=\"header btClear small\" ><div class=\"dash\"><h4><span class=\"headline\">Ya\u015fay\u0131\u015f v\u0259 qeyri-ya\u015fay\u0131\u015f yerl\u0259rd\u0259 daxili v\u0259 xarici elektrik naqill\u0259ri qura\u015fd\u0131rma i\u015fl\u0259ri<\/span><\/h4><\/div><\/header><\/div>\r\n\t\t\t\t\t\t<\/div><\/div><div class=\"btClear btSeparator topSmallSpaced bottomSmallSpaced noBorder\" ><hr><\/div><\/div><\/div><div class=\"rowItem col-md-4 col-ms-12 btTextLeft animate animate-fadein inherit\"  data-width=\"4\"><div class=\"rowItemContent\" ><div class=\"bpgPhoto btDefaultHoverType btHasTitles\" > \r\n\t\t\t\t\t<a href=\"#\" target=\"_self\" title=\"Elektrik avadanl\u0131qlar\u0131n\u0131n qura\u015fd\u0131rma i\u015fl\u0259ri\"><\/a>\r\n\t\t\t\t\t<div class=\"boldPhotoBox\"><div class=\"bpbItem\"><div class = \"btImage\"><img src=\"https:\/\/safsupply.az\/wp-content\/uploads\/2021\/02\/66.jpg\" alt=\"\" title=\"Elektrik avadanl\u0131qlar\u0131n\u0131n qura\u015fd\u0131rma i\u015fl\u0259ri\"><\/div><\/div><\/div>\r\n\t\t\t\t\t<div class=\"captionPane btDarkSkin btTextCenter\">\r\n\t\t\t\t\t\t<div class=\"captionTable\">\r\n\t\t\t\t\t\t\t<div class=\"captionCell\">\r\n\t\t\t\t\t\t\t\t<div class=\"captionTxt\"><header class=\"header btClear extrasmall\" ><div class=\"dash\"><h4><span class=\"headline\">Elektrik avadanl\u0131qlar\u0131n\u0131n qura\u015fd\u0131rma i\u015fl\u0259ri<\/span><\/h4><\/div><\/header><\/div>\r\n\t\t\t\t\t\t\t<\/div>\r\n\t\t\t\t\t\t<\/div>\r\n\t\t\t\t\t<\/div>\r\n\t\t\t\t\t\t<div class=\"btShowTitle\">\r\n\t\t\t\t\t\t\t<div class=\"btShowTitleCaptionTxt\"><header class=\"header btClear small\" ><div class=\"dash\"><h4><span class=\"headline\">Elektrik avadanl\u0131qlar\u0131n\u0131n qura\u015fd\u0131rma i\u015fl\u0259ri<\/span><\/h4><\/div><\/header><\/div>\r\n\t\t\t\t\t\t<\/div><\/div><div class=\"btClear btSeparator topSmallSpaced bottomSmallSpaced noBorder\" ><hr><\/div><\/div><\/div><\/div><\/div><div class=\"boldRow \" ><div class=\"boldRowInner\"><div class=\"rowItem col-md-12 col-ms-12  btTextLeft animate animate-fadein inherit\"  data-width=\"12\"><div class=\"rowItemContent\" ><div class=\"btClear btSeparator topSmallSpaced bottomSmallSpaced border\" ><hr><\/div><div class=\"btClear btSeparator topSmallSpaced bottomSmallSpaced noBorder\" ><hr><\/div><\/div><\/div><\/div><\/div><\/div><\/div><\/div><\/section><section id=\"bt_section69fb0b067f53b\" data-parallax=\"0.8\" data-parallax-offset=\"0\" class=\"boldSection topSemiSpaced bottomSemiSpaced btDarkSkin btAccentColorBackground gutter boxed inherit btParallax wBackground cover wBackground cover\" style=\"background-image:url('https:\/\/safsupply.az\/wp-content\/uploads\/2016\/10\/background-half-face-3.jpg');\"><div class=\"port\"><div class=\"boldCell\"><div class=\"boldCellInner\"><div class=\"boldRow \" ><div class=\"boldRowInner\"><div class=\"rowItem col-md-8 col-ms-12 btTextLeft animate animate-fadein btMiddleVertical\"  data-width=\"8\"><div class=\"rowItemContent\" ><div class=\"btClear btSeparator topSemiSpaced noBorder\" ><hr><\/div><header class=\"header btClear huge  bold\" ><div class=\"dash\"><h1><span class=\"headline\">&#8220;\u0130naml\u0131,\r<br>G\u00fccl\u00fc\r<br>v\u0259 Davaml\u0131.&#8220;<\/span><\/h1><\/div><\/header><\/div><\/div><div class=\"rowItem col-md-4 col-ms-12 btTextLeft\"  data-width=\"4\"><div class=\"rowItemContent\" ><\/div><\/div><\/div><\/div><\/div><\/div><\/div><\/section><section id=\"bt_section69fb0b067f6b1\"  class=\"boldSection topSpaced bottomSpaced gutter boxed inherit\" ><div class=\"port\"><div class=\"boldCell\"><div class=\"boldCellInner\"><div class=\"boldRow \" ><div class=\"boldRowInner\"><div class=\"rowItem col-md-6 col-sm-12 btTextLeft animate animate-fadein inherit\"  data-width=\"6\"><div class=\"rowItemContent\" ><div class=\"btText\" ><p>Haqq\u0131m\u0131zda<\/p>\n<\/div><div class=\"btText\" ><p>&#8220;SafSupply MMC&#8221; \u015firk\u0259ti 2013-c\u00fc ild\u0259n indiy\u0259 q\u0259d\u0259r elektrik dizayn s\u0259nay\u0259sin\u0259 yeni m\u0259crada pe\u015f\u0259karl\u0131q v\u0259 innovativlik g\u0259tirm\u0259kl\u0259 m\u0259\u015f\u011ful olmu\u015fdur. \u015eirk\u0259timiz \u00f6lk\u0259d\u0259 enerji infrastrukturunun m\u00fcasir t\u0259l\u0259bl\u0259r\u0259 uy\u011funla\u015fd\u0131r\u0131lmas\u0131 istiqam\u0259tind\u0259 innovativ add\u0131m v\u0259 metodologiyadan istifad\u0259 etm\u0259kl\u0259 iri v\u0259 orta miqyasl\u0131 layih\u0259l\u0259rd\u0259 \u0259m\u0259liyyat xidm\u0259tl\u0259ri g\u00f6st\u0259rmi\u015fdir. \u201cSafSupply&#8221; MMC olaraq t\u0259r\u0259fimizd\u0259n h\u0259yata ke\u00e7iril\u0259n layih\u0259l\u0259r\u0259, tikinti-qura\u015fd\u0131rma v\u0259 infrastuktur i\u015fl\u0259rin\u0259 verdiyimiz z\u0259man\u0259t d\u0259 bizi m\u00f6vcud bazarda r\u0259qibl\u0259rimizd\u0259n f\u0259rql\u0259ndir\u0259n \u0259sas \u00f6z\u0259llikl\u0259rd\u0259n biridir.<\/p>\n<\/div><\/div><\/div><div class=\"rowItem col-md-6 col-sm-12 btTextLeft animate animate-fadein inherit\"  data-width=\"6\"><div class=\"rowItemContent\" ><div class=\"btText\" ><p><img decoding=\"async\" loading=\"lazy\" class=\"alignnone size-full wp-image-3216\" src=\"http:\/\/safsupply.az\/wp-content\/uploads\/2021\/02\/1002.jpg\" alt=\"\" width=\"400\" height=\"400\" srcset=\"https:\/\/safsupply.az\/wp-content\/uploads\/2021\/02\/1002.jpg 400w, https:\/\/safsupply.az\/wp-content\/uploads\/2021\/02\/1002-160x160.jpg 160w, https:\/\/safsupply.az\/wp-content\/uploads\/2021\/02\/1002-320x320.jpg 320w\" sizes=\"(max-width: 400px) 100vw, 400px\" \/><\/p>\n<\/div><\/div><\/div><\/div><\/div><div class=\"boldRow \" ><div class=\"boldRowInner\"><div class=\"rowItem col-md-4 col-ms-12 btTextLeft animate animate-fadein inherit\"  data-width=\"4\"><div class=\"rowItemContent\" ><div class=\"servicesItem  btIcoAccentColorIcon btIcoBigSizeIcon \"><div class=\"sIcon\"><span class=\"btIco btIcoBigSize btIcoDefaultType btIcoAccentColor btIconCircleShape\"><span  data-ico-dv=\"&#xf145;\" class=\"btIcoHolder\"><\/span><\/span><\/div><div class=\"sTxt\"><header class=\"header btClear small\" ><div class=\"dash\"><h4><span class=\"headline\">Avtomatla\u015fd\u0131r\u0131lm\u0131\u015f sisteml\u0259r<\/span><\/h4><\/div><\/header><\/div><\/div><div class=\"btClear btSeparator bottomSemiSpaced noBorder\" ><hr><\/div><\/div><\/div><div class=\"rowItem col-md-4 col-ms-12 btTextLeft animate animate-fadein inherit\"  data-width=\"4\"><div class=\"rowItemContent\" ><div class=\"servicesItem  btIcoAccentColorIcon btIcoBigSizeIcon \"><div class=\"sIcon\"><span class=\"btIco btIcoBigSize btIcoDefaultType btIcoAccentColor btIconCircleShape\"><span  data-ico-fa=\"&#xf1ad;\" class=\"btIcoHolder\"><\/span><\/span><\/div><div class=\"sTxt\"><header class=\"header btClear small\" ><div class=\"dash\"><h4><span class=\"headline\">G\u00fccl\u00fc infrastruktur<\/span><\/h4><\/div><\/header><\/div><\/div><div class=\"btClear btSeparator bottomSemiSpaced noBorder\" ><hr><\/div><\/div><\/div><div class=\"rowItem col-md-4 col-ms-12 btTextLeft animate animate-fadein inherit\"  data-width=\"4\"><div class=\"rowItemContent\" ><div class=\"servicesItem  btIcoAccentColorIcon btIcoMediumSizeIcon \"><div class=\"sIcon\"><span class=\"btIco btIcoMediumSize btIcoDefaultType btIcoAccentColor btIconCircleShape\"><span  data-ico-fa=\"&#xf095;\" class=\"btIcoHolder\"><\/span><\/span><\/div><div class=\"sTxt\"><header class=\"header btClear small\" ><div class=\"dash\"><h4><span class=\"headline\">G\u00fccl\u00fc servis<\/span><\/h4><\/div><\/header><\/div><\/div><div class=\"btClear btSeparator bottomSemiSpaced noBorder\" ><hr><\/div><\/div><\/div><\/div><\/div><\/div><\/div><\/div><\/section><\/div>","protected":false},"excerpt":{"rendered":"","protected":false},"author":2,"featured_media":3333,"parent":0,"menu_order":0,"comment_status":"closed","ping_status":"closed","template":"","meta":[],"_links":{"self":[{"href":"https:\/\/safsupply.az\/ru\/wp-json\/wp\/v2\/pages\/3345"}],"collection":[{"href":"https:\/\/safsupply.az\/ru\/wp-json\/wp\/v2\/pages"}],"about":[{"href":"https:\/\/safsupply.az\/ru\/wp-json\/wp\/v2\/types\/page"}],"author":[{"embeddable":true,"href":"https:\/\/safsupply.az\/ru\/wp-json\/wp\/v2\/users\/2"}],"replies":[{"embeddable":true,"href":"https:\/\/safsupply.az\/ru\/wp-json\/wp\/v2\/comments?post=3345"}],"version-history":[{"count":1,"href":"https:\/\/safsupply.az\/ru\/wp-json\/wp\/v2\/pages\/3345\/revisions"}],"predecessor-version":[{"id":3346,"href":"https:\/\/safsupply.az\/ru\/wp-json\/wp\/v2\/pages\/3345\/revisions\/3346"}],"wp:featuredmedia":[{"embeddable":true,"href":"https:\/\/safsupply.az\/ru\/wp-json\/wp\/v2\/media\/3333"}],"wp:attachment":[{"href":"https:\/\/safsupply.az\/ru\/wp-json\/wp\/v2\/media?parent=3345"}],"curies":[{"name":"wp","href":"https:\/\/api.w.org\/{rel}","templated":true}]}}